{"id":296,"date":"2018-05-18T14:52:10","date_gmt":"2018-05-18T12:52:10","guid":{"rendered":"https:\/\/www.gluecksgriff-taschen.de\/?page_id=296"},"modified":"2022-02-04T12:21:00","modified_gmt":"2022-02-04T11:21:00","slug":"datenschutzerklaerung","status":"publish","type":"page","link":"https:\/\/www.gluecksgriff-taschen.de\/?page_id=296","title":{"rendered":"Datenschutzerkl\u00e4rung"},"content":{"rendered":"<h2>Datenschutzerkl\u00e4rung<\/h2>\n<p>Kurzform:<\/p>\n<p>Eure pers\u00f6nlichen Daten interessieren mich nicht, also gebt sie mir bitte gar nicht erst. Ich setze keine Cookies, schalte keine Werbung und getracked wird hier auch niemand, lediglich die Webserverlogs bewahre ich 7 Tage auf.<\/p>\n<p>Eine typische Logzeile sieht dabei so aus, mehr wei\u00df ich nicht \u00fcber Euch und mehr will ich auch gar nicht wissen.<\/p>\n<pre><pre class=\"brush: plain; title: ; notranslate\" title=\"\">\n\n217.89.77.180 - - &#x5B;12\/Jun\/2018:09:21:33 +0200] \"GET \/?cat=4 HTTP\/1.1\" 200 23135 \"https:\/\/www.gluecksgriff-taschen.de\/\" \"Mozilla\/5.0 (Windows NT 6.1; Win64; x64) AppleWebKit\/537.36 (KHTML, like Gecko) Chrome\/67.0.3396.79 Safari\/537.36\"\n\n<\/pre>\n<p>Wenn Ihr einen Beitrag kommentieren wollt, m\u00fcsst Ihr dabei einen Namen und eine Email-Adresse angeben. Ob das Euer richtiger Name ist oder die Email-Adresse existiert, interessiert mich auch nicht (wenn Ihr eine Antwort per Mail haben m\u00f6chtet, w\u00e4re das allerdings hilfreich).<\/p>\n<p>Langform:<\/p>\n<h1>Datenschutzerkl\u00e4rung<\/h1>\n<h2 id=\"m14\">Einleitung<\/h2>\n<p>Mit der folgenden Datenschutzerkl\u00e4rung m\u00f6chten wir Sie dar\u00fcber aufkl\u00e4ren, welche Arten Ihrer personenbezogenen Daten (nachfolgend auch kurz als &#8222;Daten\u201c bezeichnet) wir zu welchen Zwecken und in welchem Umfang verarbeiten. Die Datenschutzerkl\u00e4rung gilt f\u00fcr alle von uns durchgef\u00fchrten Verarbeitungen personenbezogener Daten, sowohl im Rahmen der Erbringung unserer Leistungen als auch insbesondere auf unseren Webseiten, in mobilen Applikationen sowie innerhalb externer Onlinepr\u00e4senzen, wie z.B. unserer Social-Media-Profile (nachfolgend zusammenfassend bezeichnet als &#8222;Onlineangebot\u201c).<\/p>\n<p>Die verwendeten Begriffe sind nicht geschlechtsspezifisch.<\/p>\n<p>Stand: 4. Februar 2022<\/p>\n<h2>Inhalts\u00fcbersicht<\/h2>\n<ul class=\"index\">\n<li><a class=\"index-link\" href=\"#m14\">Einleitung<\/a><\/li>\n<li><a class=\"index-link\" href=\"#m3\">Verantwortlicher<\/a><\/li>\n<li><a class=\"index-link\" href=\"#mOverview\">\u00dcbersicht der Verarbeitungen<\/a><\/li>\n<li><a class=\"index-link\" href=\"#m13\">Ma\u00dfgebliche Rechtsgrundlagen<\/a><\/li>\n<li><a class=\"index-link\" href=\"#m27\">Sicherheitsma\u00dfnahmen<\/a><\/li>\n<li><a class=\"index-link\" href=\"#m12\">L\u00f6schung von Daten<\/a><\/li>\n<li><a class=\"index-link\" href=\"#m104\">Blogs und Publikationsmedien<\/a><\/li>\n<li><a class=\"index-link\" href=\"#m15\">\u00c4nderung und Aktualisierung der Datenschutzerkl\u00e4rung<\/a><\/li>\n<li><a class=\"index-link\" href=\"#m42\">Begriffsdefinitionen<\/a><\/li>\n<\/ul>\n<h2 id=\"m3\">Verantwortlicher<\/h2>\n<p>Ralf Schiffers<br \/>\nFontanestr. 4<br \/>\n52445 Titz<\/p>\n<p>E-Mail-Adresse:<\/p>\n<p>webseite@gluecksgriff-taschen.de<\/p>\n<p>Impressum:<\/p>\n<p><a href=\"https:\/\/www.gluecksgriff-taschen.de\/?page_id=24\" target=\"_blank\" rel=\"noopener\">https:\/\/www.gluecksgriff-taschen.de\/?page_id=24<\/a><\/p>\n<h2 id=\"mOverview\">\u00dcbersicht der Verarbeitungen<\/h2>\n<p>Die nachfolgende \u00dcbersicht fasst die Arten der verarbeiteten Daten und die Zwecke ihrer Verarbeitung zusammen und verweist auf die betroffenen Personen.<\/p>\n<h3>Arten der verarbeiteten Daten<\/h3>\n<ul>\n<li>Bestandsdaten.<\/li>\n<li>Kontaktdaten.<\/li>\n<li>Inhaltsdaten.<\/li>\n<li>Nutzungsdaten.<\/li>\n<li>Meta-\/Kommunikationsdaten.<\/li>\n<\/ul>\n<h3>Kategorien betroffener Personen<\/h3>\n<ul>\n<li>Nutzer.<\/li>\n<\/ul>\n<h3>Zwecke der Verarbeitung<\/h3>\n<ul>\n<li>Erbringung vertraglicher Leistungen und Kundenservice.<\/li>\n<li>Sicherheitsma\u00dfnahmen.<\/li>\n<li>Verwaltung und Beantwortung von Anfragen.<\/li>\n<li>Feedback.<\/li>\n<\/ul>\n<h3 id=\"m13\">Ma\u00dfgebliche Rechtsgrundlagen<\/h3>\n<p>Im Folgenden erhalten Sie eine \u00dcbersicht der Rechtsgrundlagen der DSGVO, auf deren Basis wir personenbezogene Daten verarbeiten. Bitte nehmen Sie zur Kenntnis, dass neben den Regelungen der DSGVO nationale Datenschutzvorgaben in Ihrem bzw. unserem Wohn- oder Sitzland gelten k\u00f6nnen. Sollten ferner im Einzelfall speziellere Rechtsgrundlagen ma\u00dfgeblich sein, teilen wir Ihnen diese in der Datenschutzerkl\u00e4rung mit.<\/p>\n<ul>\n<li><strong>Vertragserf\u00fcllung und vorvertragliche Anfragen (Art. 6 Abs. 1 S. 1 lit. b. DSGVO)<\/strong> &#8211; Die Verarbeitung ist f\u00fcr die Erf\u00fcllung eines Vertrags, dessen Vertragspartei die betroffene Person ist, oder zur Durchf\u00fchrung vorvertraglicher Ma\u00dfnahmen erforderlich, die auf Anfrage der betroffenen Person erfolgen.<\/li>\n<li><strong>Berechtigte Interessen (Art. 6 Abs. 1 S. 1 lit. f. DSGVO)<\/strong> &#8211; Die Verarbeitung ist zur Wahrung der berechtigten Interessen des Verantwortlichen oder eines Dritten erforderlich, sofern nicht die Interessen oder Grundrechte und Grundfreiheiten der betroffenen Person, die den Schutz personenbezogener Daten erfordern, \u00fcberwiegen.<\/li>\n<\/ul>\n<p>Zus\u00e4tzlich zu den Datenschutzregelungen der Datenschutz-Grundverordnung gelten nationale Regelungen zum Datenschutz in Deutschland. Hierzu geh\u00f6rt insbesondere das Gesetz zum Schutz vor Missbrauch personenbezogener Daten bei der Datenverarbeitung (Bundesdatenschutzgesetz \u2013 BDSG). Das BDSG enth\u00e4lt insbesondere Spezialregelungen zum Recht auf Auskunft, zum Recht auf L\u00f6schung, zum Widerspruchsrecht, zur Verarbeitung besonderer Kategorien personenbezogener Daten, zur Verarbeitung f\u00fcr andere Zwecke und zur \u00dcbermittlung sowie automatisierten Entscheidungsfindung im Einzelfall einschlie\u00dflich Profiling. Des Weiteren regelt es die Datenverarbeitung f\u00fcr Zwecke des Besch\u00e4ftigungsverh\u00e4ltnisses (\u00a7 26 BDSG), insbesondere im Hinblick auf die Begr\u00fcndung, Durchf\u00fchrung oder Beendigung von Besch\u00e4ftigungsverh\u00e4ltnissen sowie die Einwilligung von Besch\u00e4ftigten. Ferner k\u00f6nnen Landesdatenschutzgesetze der einzelnen Bundesl\u00e4nder zur Anwendung gelangen.<\/p>\n<h2 id=\"m27\">Sicherheitsma\u00dfnahmen<\/h2>\n<p>Wir treffen nach Ma\u00dfgabe der gesetzlichen Vorgaben unter Ber\u00fccksichtigung des Stands der Technik, der Implementierungskosten und der Art, des Umfangs, der Umst\u00e4nde und der Zwecke der Verarbeitung sowie der unterschiedlichen Eintrittswahrscheinlichkeiten und des Ausma\u00dfes der Bedrohung der Rechte und Freiheiten nat\u00fcrlicher Personen geeignete technische und organisatorische Ma\u00dfnahmen, um ein dem Risiko angemessenes Schutzniveau zu gew\u00e4hrleisten.<\/p>\n<p>Zu den Ma\u00dfnahmen geh\u00f6ren insbesondere die Sicherung der Vertraulichkeit, Integrit\u00e4t und Verf\u00fcgbarkeit von Daten durch Kontrolle des physischen und elektronischen Zugangs zu den Daten als auch des sie betreffenden Zugriffs, der Eingabe, der Weitergabe, der Sicherung der Verf\u00fcgbarkeit und ihrer Trennung. Des Weiteren haben wir Verfahren eingerichtet, die eine Wahrnehmung von Betroffenenrechten, die L\u00f6schung von Daten und Reaktionen auf die Gef\u00e4hrdung der Daten gew\u00e4hrleisten. Ferner ber\u00fccksichtigen wir den Schutz personenbezogener Daten bereits bei der Entwicklung bzw. Auswahl von Hardware, Software sowie Verfahren entsprechend dem Prinzip des Datenschutzes, durch Technikgestaltung und durch datenschutzfreundliche Voreinstellungen.<\/p>\n<p>SSL-Verschl\u00fcsselung (https): Um Ihre via unserem Online-Angebot \u00fcbermittelten Daten zu sch\u00fctzen, nutzen wir eine SSL-Verschl\u00fcsselung. Sie erkennen derart verschl\u00fcsselte Verbindungen an dem Pr\u00e4fix https:\/\/ in der Adresszeile Ihres Browsers.<\/p>\n<h2 id=\"m12\">L\u00f6schung von Daten<\/h2>\n<p>Die von uns verarbeiteten Daten werden nach Ma\u00dfgabe der gesetzlichen Vorgaben gel\u00f6scht, sobald deren zur Verarbeitung erlaubten Einwilligungen widerrufen werden oder sonstige Erlaubnisse entfallen (z.B. wenn der Zweck der Verarbeitung dieser Daten entfallen ist oder sie f\u00fcr den Zweck nicht erforderlich sind).<\/p>\n<p>Sofern die Daten nicht gel\u00f6scht werden, weil sie f\u00fcr andere und gesetzlich zul\u00e4ssige Zwecke erforderlich sind, wird deren Verarbeitung auf diese Zwecke beschr\u00e4nkt. D.h., die Daten werden gesperrt und nicht f\u00fcr andere Zwecke verarbeitet. Das gilt z.B. f\u00fcr Daten, die aus handels- oder steuerrechtlichen Gr\u00fcnden aufbewahrt werden m\u00fcssen oder deren Speicherung zur Geltendmachung, Aus\u00fcbung oder Verteidigung von Rechtsanspr\u00fcchen oder zum Schutz der Rechte einer anderen nat\u00fcrlichen oder juristischen Person erforderlich ist.<\/p>\n<p>Unsere Datenschutzhinweise k\u00f6nnen ferner weitere Angaben zu der Aufbewahrung und L\u00f6schung von Daten beinhalten, die f\u00fcr die jeweiligen Verarbeitungen vorrangig gelten.<\/p>\n<h2 id=\"m104\">Blogs und Publikationsmedien<\/h2>\n<p>Wir nutzen Blogs oder vergleichbare Mittel der Onlinekommunikation und Publikation (nachfolgend &#8222;Publikationsmedium&#8220;). Die Daten der Leser werden f\u00fcr die Zwecke des Publikationsmediums nur insoweit verarbeitet, als es f\u00fcr dessen Darstellung und die Kommunikation zwischen Autoren und Lesern oder aus Gr\u00fcnden der Sicherheit erforderlich ist. Im \u00dcbrigen verweisen wir auf die Informationen zur Verarbeitung der Besucher unseres Publikationsmediums im Rahmen dieser Datenschutzhinweise.<\/p>\n<ul class=\"m-elements\">\n<li><strong>Verarbeitete Datenarten:<\/strong> Bestandsdaten (z.B. Namen, Adressen); Kontaktdaten (z.B. E-Mail, Telefonnummern); Inhaltsdaten (z.B. Eingaben in Onlineformularen); Nutzungsdaten (z.B. besuchte Webseiten, Interesse an Inhalten, Zugriffszeiten); Meta-\/Kommunikationsdaten (z.B. Ger\u00e4te-Informationen, IP-Adressen).<\/li>\n<li><strong>Betroffene Personen:<\/strong> Nutzer (z.B. Webseitenbesucher, Nutzer von Onlinediensten).<\/li>\n<li><strong>Zwecke der Verarbeitung:<\/strong> Erbringung vertraglicher Leistungen und Kundenservice; Feedback (z.B. Sammeln von Feedback via Online-Formular); Sicherheitsma\u00dfnahmen; Verwaltung und Beantwortung von Anfragen.<\/li>\n<li><strong>Rechtsgrundlagen:<\/strong> Vertragserf\u00fcllung und vorvertragliche Anfragen (Art. 6 Abs. 1 S. 1 lit. b. DSGVO); Berechtigte Interessen (Art. 6 Abs. 1 S. 1 lit. f. DSGVO).<\/li>\n<\/ul>\n<p><strong>Weitere Hinweise zu Verarbeitungsprozessen, Verfahren und Diensten:<\/strong><\/p>\n<ul class=\"m-elements\">\n<li><strong>Kommentare und Beitr\u00e4ge: <\/strong>Wenn Nutzer Kommentare oder sonstige Beitr\u00e4ge hinterlassen, k\u00f6nnen ihre IP-Adressen auf Grundlage unserer berechtigten Interessen gespeichert werden. Das erfolgt zu unserer Sicherheit, falls jemand in Kommentaren und Beitr\u00e4gen widerrechtliche Inhalte hinterl\u00e4sst (Beleidigungen, verbotene politische Propaganda etc.). In diesem Fall k\u00f6nnen wir selbst f\u00fcr den Kommentar oder Beitrag belangt werden und sind daher an der Identit\u00e4t des Verfassers interessiert. Des Weiteren behalten wir uns vor, auf Grundlage unserer berechtigten Interessen die Angaben der Nutzer zwecks Spamerkennung zu verarbeiten. Auf derselben Rechtsgrundlage behalten wir uns vor, im Fall von Umfragen die IP-Adressen der Nutzer f\u00fcr deren Dauer zu speichern und Cookies zu verwenden, um Mehrfachabstimmungen zu vermeiden. Die im Rahmen der Kommentare und Beitr\u00e4ge mitgeteilten Informationen zur Person, etwaige Kontakt- sowie Webseiteninformationen als auch die inhaltlichen Angaben werden von uns bis zum Widerspruch der Nutzer dauerhaft gespeichert.<\/li>\n<\/ul>\n<h2 id=\"m15\">\u00c4nderung und Aktualisierung der Datenschutzerkl\u00e4rung<\/h2>\n<p>Wir bitten Sie, sich regelm\u00e4\u00dfig \u00fcber den Inhalt unserer Datenschutzerkl\u00e4rung zu informieren. Wir passen die Datenschutzerkl\u00e4rung an, sobald die \u00c4nderungen der von uns durchgef\u00fchrten Datenverarbeitungen dies erforderlich machen. Wir informieren Sie, sobald durch die \u00c4nderungen eine Mitwirkungshandlung Ihrerseits (z.B. Einwilligung) oder eine sonstige individuelle Benachrichtigung erforderlich wird.<\/p>\n<p>Sofern wir in dieser Datenschutzerkl\u00e4rung Adressen und Kontaktinformationen von Unternehmen und Organisationen angeben, bitten wir zu beachten, dass die Adressen sich \u00fcber die Zeit \u00e4ndern k\u00f6nnen und bitten die Angaben vor Kontaktaufnahme zu pr\u00fcfen.<\/p>\n<h2 id=\"m42\">Begriffsdefinitionen<\/h2>\n<p>In diesem Abschnitt erhalten Sie eine \u00dcbersicht \u00fcber die in dieser Datenschutzerkl\u00e4rung verwendeten Begrifflichkeiten. Viele der Begriffe sind dem Gesetz entnommen und vor allem im Art. 4 DSGVO definiert. Die gesetzlichen Definitionen sind verbindlich. Die nachfolgenden Erl\u00e4uterungen sollen dagegen vor allem dem Verst\u00e4ndnis dienen. Die Begriffe sind alphabetisch sortiert.<\/p>\n<ul class=\"glossary\">\n<li><strong>Personenbezogene Daten:<\/strong> &#8222;Personenbezogene Daten\u201c sind alle Informationen, die sich auf eine identifizierte oder identifizierbare nat\u00fcrliche Person (im Folgenden &#8222;betroffene Person\u201c) beziehen; als identifizierbar wird eine nat\u00fcrliche Person angesehen, die direkt oder indirekt, insbesondere mittels Zuordnung zu einer Kennung wie einem Namen, zu einer Kennnummer, zu Standortdaten, zu einer Online-Kennung (z.B. Cookie) oder zu einem oder mehreren besonderen Merkmalen identifiziert werden kann, die Ausdruck der physischen, physiologischen, genetischen, psychischen, wirtschaftlichen, kulturellen oder sozialen Identit\u00e4t dieser nat\u00fcrlichen Person sind.<\/li>\n<li><strong>Verantwortlicher:<\/strong> Als &#8222;Verantwortlicher\u201c wird die nat\u00fcrliche oder juristische Person, Beh\u00f6rde, Einrichtung oder andere Stelle, die allein oder gemeinsam mit anderen \u00fcber die Zwecke und Mittel der Verarbeitung von personenbezogenen Daten entscheidet, bezeichnet.<\/li>\n<li><strong>Verarbeitung:<\/strong> &#8222;Verarbeitung&#8220; ist jeder mit oder ohne Hilfe automatisierter Verfahren ausgef\u00fchrte Vorgang oder jede solche Vorgangsreihe im Zusammenhang mit personenbezogenen Daten. Der Begriff reicht weit und umfasst praktisch jeden Umgang mit Daten, sei es das Erheben, das Auswerten, das Speichern, das \u00dcbermitteln oder das L\u00f6schen.<\/li>\n<\/ul>\n<p class=\"seal\"><a title=\"Rechtstext von Dr. Schwenke - f\u00fcr weitere Informationen bitte anklicken.\" href=\"https:\/\/datenschutz-generator.de\/\" target=\"_blank\" rel=\"noopener noreferrer nofollow\">Erstellt mit kostenlosem Datenschutz-Generator.de von Dr. Thomas Schwenke<\/a><\/p>\n","protected":false},"excerpt":{"rendered":"<p>Datenschutzerkl\u00e4rung Kurzform: Eure pers\u00f6nlichen Daten interessieren mich nicht, also gebt sie mir bitte gar nicht erst. Ich setze keine Cookies, schalte keine Werbung und getracked wird hier auch niemand, lediglich die Webserverlogs bewahre ich 7 Tage auf. Eine typische Logzeile sieht dabei so aus, mehr wei\u00df ich nicht \u00fcber Euch und mehr will ich auch &hellip;<\/p>\n<p class=\"read-more\"> <a class=\"\" href=\"https:\/\/www.gluecksgriff-taschen.de\/?page_id=296\"> <span class=\"screen-reader-text\">Datenschutzerkl\u00e4rung<\/span> Weiterlesen &raquo;<\/a><\/p>\n","protected":false},"author":1,"featured_media":0,"parent":0,"menu_order":0,"comment_status":"closed","ping_status":"closed","template":"","meta":{"_crdt_document":"","site-sidebar-layout":"default","site-content-layout":"default","ast-global-header-display":"","ast-main-header-display":"","ast-hfb-above-header-display":"","ast-hfb-below-header-display":"","ast-hfb-mobile-header-display":"","site-post-title":"","ast-breadcrumbs-content":"","ast-featured-img":"","footer-sml-layout":"","theme-transparent-header-meta":"","adv-header-id-meta":"","stick-header-meta":"","header-above-stick-meta":"","header-main-stick-meta":"","header-below-stick-meta":"","footnotes":""},"class_list":["post-296","page","type-page","status-publish","hentry"],"_links":{"self":[{"href":"https:\/\/www.gluecksgriff-taschen.de\/index.php?rest_route=\/wp\/v2\/pages\/296","targetHints":{"allow":["GET"]}}],"collection":[{"href":"https:\/\/www.gluecksgriff-taschen.de\/index.php?rest_route=\/wp\/v2\/pages"}],"about":[{"href":"https:\/\/www.gluecksgriff-taschen.de\/index.php?rest_route=\/wp\/v2\/types\/page"}],"author":[{"embeddable":true,"href":"https:\/\/www.gluecksgriff-taschen.de\/index.php?rest_route=\/wp\/v2\/users\/1"}],"replies":[{"embeddable":true,"href":"https:\/\/www.gluecksgriff-taschen.de\/index.php?rest_route=%2Fwp%2Fv2%2Fcomments&post=296"}],"version-history":[{"count":7,"href":"https:\/\/www.gluecksgriff-taschen.de\/index.php?rest_route=\/wp\/v2\/pages\/296\/revisions"}],"predecessor-version":[{"id":997,"href":"https:\/\/www.gluecksgriff-taschen.de\/index.php?rest_route=\/wp\/v2\/pages\/296\/revisions\/997"}],"wp:attachment":[{"href":"https:\/\/www.gluecksgriff-taschen.de\/index.php?rest_route=%2Fwp%2Fv2%2Fmedia&parent=296"}],"curies":[{"name":"wp","href":"https:\/\/api.w.org\/{rel}","templated":true}]}}